{"id":3709,"date":"2023-03-04T07:38:56","date_gmt":"2023-03-04T07:38:56","guid":{"rendered":""},"modified":"2023-05-07T16:17:42","modified_gmt":"2023-05-07T14:17:42","slug":"o-nama","status":"publish","type":"page","link":"https:\/\/novapak.rs\/en\/o-nama\/","title":{"rendered":"O nama"},"content":{"rendered":"<div data-elementor-type=\"wp-page\" data-elementor-id=\"3709\" class=\"elementor elementor-3709\" data-elementor-post-type=\"page\">\n\t\t\t\t\t\t<section class=\"elementor-section elementor-top-section elementor-element elementor-element-5158b412 elementor-section-boxed elementor-section-height-default elementor-section-height-default\" data-id=\"5158b412\" data-element_type=\"section\" data-e-type=\"section\">\n\t\t\t\t\t\t<div class=\"elementor-container elementor-column-gap-default\">\n\t\t\t\t\t<div class=\"elementor-column elementor-col-33 elementor-top-column elementor-element elementor-element-11875c9\" data-id=\"11875c9\" data-element_type=\"column\" data-e-type=\"column\">\n\t\t\t<div class=\"elementor-widget-wrap elementor-element-populated\">\n\t\t\t\t\t\t<div class=\"elementor-element elementor-element-27d8ef86 elementor-widget elementor-widget-heading\" data-id=\"27d8ef86\" data-element_type=\"widget\" data-e-type=\"widget\" data-widget_type=\"heading.default\">\n\t\t\t\t<div class=\"elementor-widget-container\">\n\t\t\t\t\t<h3 class=\"elementor-heading-title elementor-size-default\">Dobrodo\u0161li<\/h3>\t\t\t\t<\/div>\n\t\t\t\t<\/div>\n\t\t\t\t<div class=\"elementor-element elementor-element-6c441c0 elementor-widget elementor-widget-text-editor\" data-id=\"6c441c0\" data-element_type=\"widget\" data-e-type=\"widget\" data-widget_type=\"text-editor.default\">\n\t\t\t\t<div class=\"elementor-widget-container\">\n\t\t\t\t\t\t\t\t\t<p>Nova Pak Doo je firma koja se bavi proizvodnjom i prodajom visokokvalitetne ambala\u017ee za pakovanje hrane.<\/p><p>Asortiman na\u0161ih proizvoda obuhvata:<\/p><ol><li>Kartonsku ambala\u017eu (kutije i podmeta\u010di za pice, kutije za kola\u010de, kutije za ro\u0161tilj i pe\u010denje.. )<\/li><li>Ambala\u017eu od stiropora (posude od stritopora razli\u010ditih oblika i dimenzija, sa jednom, dve ili tri pregrade)<\/li><li>Plasti\u010dnu ambala\u017eu (posude za hranu od polipropilena razli\u010ditih zapremina, pogodne za pakovanje vru\u0107ih kuvanih jela)<\/li><li>Aluminijumsku ambala\u017eu (posude, tanjiri i ovali od aluminijuma, aluminijumska folija\u2026)<\/li><li>Ostalo (plasti\u010dne \u010da\u0161e, slam\u010dice, salvete, mesarski papir, masni papir za burger, stre\u010d folije&#8230; )<\/li><\/ol><p>Nastojimo da se prilagodimo potrebama svakog na\u0161eg klijenta pojedina\u010dno i da mu obezbedimo kupovinu svega \u0161to mu je potrebno na jednom mestu.<\/p><p>Imamo i mogu\u0107nost personalizacije odnosno \u0161tampe na ambala\u017ei, \u0161to je idealno za klijente koji \u017eele da se izdvoje i kreiraju sopstveni brend.<\/p><p>Svi na\u0161i artikli poseduju sertifikat o zdravstvenoj ispravnosti i ekolo\u0161ki su prihvatljivi.<\/p><p>Trudimo se da pru\u017eimo najbolju uslugu na\u0161im klijentima. Cenimo njihovo vreme i po\u0161tujemo dogovorene rokove! Isporuku robe vr\u0161imo sopstvenim vozilima ili slanjem preko brze po\u0161te.<\/p><p>\u00a0Sara\u0111ujemo sa razli\u010ditim klijentima, od malih preduze\u0107a do velikih kompanija, i uvek smo otvoreni za saradnju sa novim klijentima i radujemo se novim poslovnim prilikama.<\/p><p>Naj\u010de\u0161\u0107e, na\u0161i kupci su: brze hrane, pe\u010denjare, ketering ku\u0107e, pekare, restorani, picerije, hoteli, marketi, mesare, poslasti\u010darnice\u2026<\/p><p>Ukoliko imate bilo kakva pitanja ili zahteve, budite slobodni da nas kontaktirate.<\/p><p>Hvala Vam na interesovanju za na\u0161u firmu.<\/p>\t\t\t\t\t\t\t\t<\/div>\n\t\t\t\t<\/div>\n\t\t\t\t\t<\/div>\n\t\t<\/div>\n\t\t\t\t<div class=\"elementor-column elementor-col-66 elementor-top-column elementor-element elementor-element-4b2de284\" data-id=\"4b2de284\" data-element_type=\"column\" data-e-type=\"column\">\n\t\t\t<div class=\"elementor-widget-wrap elementor-element-populated\">\n\t\t\t\t\t\t<div class=\"elementor-element elementor-element-6ebc59ba elementor-widget elementor-widget-heading\" data-id=\"6ebc59ba\" data-element_type=\"widget\" data-e-type=\"widget\" data-widget_type=\"heading.default\">\n\t\t\t\t<div class=\"elementor-widget-container\">\n\t\t\t\t\t<h3 class=\"elementor-heading-title elementor-size-default\">Za\u0161to bi izabrali ba\u0161 nas?<\/h3>\t\t\t\t<\/div>\n\t\t\t\t<\/div>\n\t\t\t\t<div class=\"elementor-element elementor-element-1d1a1deb nasa-accordion-df elementor-widget elementor-widget-accordion\" data-id=\"1d1a1deb\" data-element_type=\"widget\" data-e-type=\"widget\" data-widget_type=\"accordion.default\">\n\t\t\t\t<div class=\"elementor-widget-container\">\n\t\t\t\t\t\t\t<div class=\"elementor-accordion\">\n\t\t\t\t\t\t\t<div class=\"elementor-accordion-item\">\n\t\t\t\t\t<div id=\"elementor-tab-title-4881\" class=\"elementor-tab-title\" data-tab=\"1\" role=\"button\" aria-controls=\"elementor-tab-content-4881\" aria-expanded=\"false\">\n\t\t\t\t\t\t\t\t\t\t\t\t\t<span class=\"elementor-accordion-icon elementor-accordion-icon-left\" aria-hidden=\"true\">\n\t\t\t\t\t\t\t\t\t\t\t\t\t\t\t<span class=\"elementor-accordion-icon-closed\"><i class=\"fas fa-plus\"><\/i><\/span>\n\t\t\t\t\t\t\t\t<span class=\"elementor-accordion-icon-opened\"><i class=\"fas fa-minus\"><\/i><\/span>\n\t\t\t\t\t\t\t\t\t\t\t\t\t\t<\/span>\n\t\t\t\t\t\t\t\t\t\t\t\t<a class=\"elementor-accordion-title\" tabindex=\"0\">Provereno dobar kvalitet<\/a>\n\t\t\t\t\t<\/div>\n\t\t\t\t\t<div id=\"elementor-tab-content-4881\" class=\"elementor-tab-content elementor-clearfix\" data-tab=\"1\" role=\"region\" aria-labelledby=\"elementor-tab-title-4881\"><p>Kompletna proizvodnja ispunjava sve kvalitativne standarde i konstantno se kontroli\u0161e i unapre\u0111uje.<\/p><p>Roba koju distribuiramo je od dugogodi\u0161njih i proverenih dobavlja\u010da.<\/p><\/div>\n\t\t\t\t<\/div>\n\t\t\t\t\t\t\t<div class=\"elementor-accordion-item\">\n\t\t\t\t\t<div id=\"elementor-tab-title-4882\" class=\"elementor-tab-title\" data-tab=\"2\" role=\"button\" aria-controls=\"elementor-tab-content-4882\" aria-expanded=\"false\">\n\t\t\t\t\t\t\t\t\t\t\t\t\t<span class=\"elementor-accordion-icon elementor-accordion-icon-left\" aria-hidden=\"true\">\n\t\t\t\t\t\t\t\t\t\t\t\t\t\t\t<span class=\"elementor-accordion-icon-closed\"><i class=\"fas fa-plus\"><\/i><\/span>\n\t\t\t\t\t\t\t\t<span class=\"elementor-accordion-icon-opened\"><i class=\"fas fa-minus\"><\/i><\/span>\n\t\t\t\t\t\t\t\t\t\t\t\t\t\t<\/span>\n\t\t\t\t\t\t\t\t\t\t\t\t<a class=\"elementor-accordion-title\" tabindex=\"0\">Individualan pristup<\/a>\n\t\t\t\t\t<\/div>\n\t\t\t\t\t<div id=\"elementor-tab-content-4882\" class=\"elementor-tab-content elementor-clearfix\" data-tab=\"2\" role=\"region\" aria-labelledby=\"elementor-tab-title-4882\"><p>Svakom klijentu pristupamo individualno. Nastojimo da u asortimanu imamo sve \u0161to je klijentu potrebno i obezbedimo mu kupovinu na jednom mestu.<\/p><p>Cilj nam je da servis koji pru\u017eamo bude jedan od na\u0161ih najve\u0107ih kvaliteta i ne\u0161to \u0161to nas izdvaja od drugih.<\/p><\/div>\n\t\t\t\t<\/div>\n\t\t\t\t\t\t\t<div class=\"elementor-accordion-item\">\n\t\t\t\t\t<div id=\"elementor-tab-title-4883\" class=\"elementor-tab-title\" data-tab=\"3\" role=\"button\" aria-controls=\"elementor-tab-content-4883\" aria-expanded=\"false\">\n\t\t\t\t\t\t\t\t\t\t\t\t\t<span class=\"elementor-accordion-icon elementor-accordion-icon-left\" aria-hidden=\"true\">\n\t\t\t\t\t\t\t\t\t\t\t\t\t\t\t<span class=\"elementor-accordion-icon-closed\"><i class=\"fas fa-plus\"><\/i><\/span>\n\t\t\t\t\t\t\t\t<span class=\"elementor-accordion-icon-opened\"><i class=\"fas fa-minus\"><\/i><\/span>\n\t\t\t\t\t\t\t\t\t\t\t\t\t\t<\/span>\n\t\t\t\t\t\t\t\t\t\t\t\t<a class=\"elementor-accordion-title\" tabindex=\"0\">Podr\u0161ka<\/a>\n\t\t\t\t\t<\/div>\n\t\t\t\t\t<div id=\"elementor-tab-content-4883\" class=\"elementor-tab-content elementor-clearfix\" data-tab=\"3\" role=\"region\" aria-labelledby=\"elementor-tab-title-4883\"><p>U svakom momentu smo klijentima na raspolaganju za re\u0161avanje svih spornih situacija i problema.<\/p><p>Na raspolaganju smo i za svaki vid konsultacije, dobronamerni savet i sugestiju.\u00a0<\/p><\/div>\n\t\t\t\t<\/div>\n\t\t\t\t\t\t\t<div class=\"elementor-accordion-item\">\n\t\t\t\t\t<div id=\"elementor-tab-title-4884\" class=\"elementor-tab-title\" data-tab=\"4\" role=\"button\" aria-controls=\"elementor-tab-content-4884\" aria-expanded=\"false\">\n\t\t\t\t\t\t\t\t\t\t\t\t\t<span class=\"elementor-accordion-icon elementor-accordion-icon-left\" aria-hidden=\"true\">\n\t\t\t\t\t\t\t\t\t\t\t\t\t\t\t<span class=\"elementor-accordion-icon-closed\"><i class=\"fas fa-plus\"><\/i><\/span>\n\t\t\t\t\t\t\t\t<span class=\"elementor-accordion-icon-opened\"><i class=\"fas fa-minus\"><\/i><\/span>\n\t\t\t\t\t\t\t\t\t\t\t\t\t\t<\/span>\n\t\t\t\t\t\t\t\t\t\t\t\t<a class=\"elementor-accordion-title\" tabindex=\"0\">Cenimo Va\u0161e vreme<\/a>\n\t\t\t\t\t<\/div>\n\t\t\t\t\t<div id=\"elementor-tab-content-4884\" class=\"elementor-tab-content elementor-clearfix\" data-tab=\"4\" role=\"region\" aria-labelledby=\"elementor-tab-title-4884\"><p>Robu koju kupite od nas \u0107ete uvek dobiti u dogovrenom roku. Bilo da je isporu\u010dujemo li\u010dno ili brzom po\u0161tom, svaki dogovor \u0107e sa na\u0161e strane biti ispo\u0161tovan.<\/p><\/div>\n\t\t\t\t<\/div>\n\t\t\t\t\t\t\t\t<\/div>\n\t\t\t\t\t\t<\/div>\n\t\t\t\t<\/div>\n\t\t\t\t\t<\/div>\n\t\t<\/div>\n\t\t\t\t\t<\/div>\n\t\t<\/section>\n\t\t\t\t<\/div>","protected":false},"excerpt":{"rendered":"<p>Dobrodo\u0161li Nova Pak Doo je firma koja se bavi proizvodnjom i prodajom visokokvalitetne ambala\u017ee za pakovanje hrane. Asortiman na\u0161ih proizvoda obuhvata: Kartonsku ambala\u017eu (kutije i podmeta\u010di za pice, kutije za kola\u010de, kutije za ro\u0161tilj i pe\u010denje.. ) Ambala\u017eu od stiropora (posude od stritopora razli\u010ditih oblika i dimenzija, sa jednom, dve ili tri pregrade) Plasti\u010dnu ambala\u017eu [&hellip;]<\/p>\n","protected":false},"author":1,"featured_media":0,"parent":0,"menu_order":0,"comment_status":"closed","ping_status":"closed","template":"","meta":{"footnotes":""},"class_list":["post-3709","page","type-page","status-publish","hentry"],"_links":{"self":[{"href":"https:\/\/novapak.rs\/en\/wp-json\/wp\/v2\/pages\/3709","targetHints":{"allow":["GET"]}}],"collection":[{"href":"https:\/\/novapak.rs\/en\/wp-json\/wp\/v2\/pages"}],"about":[{"href":"https:\/\/novapak.rs\/en\/wp-json\/wp\/v2\/types\/page"}],"author":[{"embeddable":true,"href":"https:\/\/novapak.rs\/en\/wp-json\/wp\/v2\/users\/1"}],"replies":[{"embeddable":true,"href":"https:\/\/novapak.rs\/en\/wp-json\/wp\/v2\/comments?post=3709"}],"version-history":[{"count":0,"href":"https:\/\/novapak.rs\/en\/wp-json\/wp\/v2\/pages\/3709\/revisions"}],"wp:attachment":[{"href":"https:\/\/novapak.rs\/en\/wp-json\/wp\/v2\/media?parent=3709"}],"curies":[{"name":"wp","href":"https:\/\/api.w.org\/{rel}","templated":true}]}}