{"id":4152,"date":"2023-05-07T07:52:47","date_gmt":"2023-05-07T05:52:47","guid":{"rendered":"https:\/\/novapak.rs\/?post_type=product&#038;p=4152"},"modified":"2023-05-07T07:57:14","modified_gmt":"2023-05-07T05:57:14","slug":"podmetac-za-picu-parce","status":"publish","type":"product","link":"https:\/\/novapak.rs\/en\/product\/podmetac-za-picu-parce\/","title":{"rendered":"Podmeta\u010d za picu (par\u010de)"},"content":{"rendered":"","protected":false},"excerpt":{"rendered":"<p><strong>Dostupne dimenzije podmeta\u010da:\u00a0<\/strong><\/p>\n<ul>\n<li>\u03a636cm\/6<\/li>\n<li>\u03a642cm\/4<\/li>\n<li>\u03a642cm\/5<\/li>\n<li>\u03a642cm\/6<\/li>\n<li>\u03a650cm\/4<\/li>\n<li>\u03a650cm\/5<\/li>\n<li>\u03a650cm\/6<\/li>\n<\/ul>\n<p><strong>Kvalitet: Hromokarton 280g\/m2<\/strong><br \/>\n<strong>Pakovanje: 500 kom<\/strong><\/p>","protected":false},"featured_media":4153,"template":"","meta":[],"product_brand":[],"product_cat":[195],"product_tag":[],"class_list":{"0":"post-4152","1":"product","2":"type-product","3":"status-publish","4":"has-post-thumbnail","6":"product_cat-kutije-i-podmetaci-za-parce-pice","8":"first","9":"instock","10":"shipping-taxable","11":"product-type-simple"},"_links":{"self":[{"href":"https:\/\/novapak.rs\/en\/wp-json\/wp\/v2\/product\/4152","targetHints":{"allow":["GET"]}}],"collection":[{"href":"https:\/\/novapak.rs\/en\/wp-json\/wp\/v2\/product"}],"about":[{"href":"https:\/\/novapak.rs\/en\/wp-json\/wp\/v2\/types\/product"}],"wp:featuredmedia":[{"embeddable":true,"href":"https:\/\/novapak.rs\/en\/wp-json\/wp\/v2\/media\/4153"}],"wp:attachment":[{"href":"https:\/\/novapak.rs\/en\/wp-json\/wp\/v2\/media?parent=4152"}],"wp:term":[{"taxonomy":"product_brand","embeddable":true,"href":"https:\/\/novapak.rs\/en\/wp-json\/wp\/v2\/product_brand?post=4152"},{"taxonomy":"product_cat","embeddable":true,"href":"https:\/\/novapak.rs\/en\/wp-json\/wp\/v2\/product_cat?post=4152"},{"taxonomy":"product_tag","embeddable":true,"href":"https:\/\/novapak.rs\/en\/wp-json\/wp\/v2\/product_tag?post=4152"}],"curies":[{"name":"wp","href":"https:\/\/api.w.org\/{rel}","templated":true}]}}